{"id":8195,"date":"2026-04-14T01:39:50","date_gmt":"2026-04-14T05:39:50","guid":{"rendered":"https:\/\/fluidhoses.com\/?post_type=product&#038;p=8195"},"modified":"2026-04-14T23:44:48","modified_gmt":"2026-04-15T03:44:48","slug":"high-pressure-wire-braided-hose","status":"publish","type":"product","link":"https:\/\/fluidhoses.com\/pl\/product\/high-pressure-wire-braided-hose\/","title":{"rendered":"High Pressure Wire Braided hydraulic hose"},"content":{"rendered":"<table border=\"0\" width=\"730px\" cellspacing=\"1\" cellpadding=\"6\">\n<tbody>\n<tr>\n<td align=\"center\" bgcolor=\"#F5F7F9\" height=\"36\">Product Specifications<\/td>\n<td bgcolor=\"#F5F7F9\">\u3000Customizable<\/td>\n<\/tr>\n<tr>\n<td align=\"center\" bgcolor=\"#F5F7F9\" height=\"36\">Scope of application<\/td>\n<td bgcolor=\"#F5F7F9\">\u3000Mining, hydraulic supports, construction machinery, hydraulic systems, oil pipelines<\/td>\n<\/tr>\n<tr>\n<td align=\"center\" bgcolor=\"#F5F7F9\" height=\"36\">Length dimension<\/td>\n<td bgcolor=\"#F5F7F9\">\u3000Customizable<\/td>\n<\/tr>\n<tr>\n<td align=\"center\" bgcolor=\"#F5F7F9\" height=\"36\">Working Pressure<\/td>\n<td bgcolor=\"#F5F7F9\">\u30000-100mpa<\/td>\n<\/tr>\n<\/tbody>\n<\/table>\n<h2>I. Product Structure:<\/h2>\n<p>The steel wire braided hose consists of an inner layer of liquid-resistant synthetic rubber, a middle layer, one, two, or three layers of steel wire braided reinforcement, and an outer layer of synthetic rubber with excellent weather resistance.<\/p>\n<h2>II. Product Applications:<\/h2>\n<p>Steel wire reinforced hydraulic rubber hoses are mainly used in hydraulic supports for mines and oilfield operations. They are also suitable for engineering construction, hoisting and transportation, metallurgical forging, mining equipment, shipbuilding, injection molding machinery, agricultural machinery, various machine tools, and the conveying of petroleum-based liquids (such as mineral oil, soluble oil, hydraulic oil, fuel oil, lubricating oil), water-based liquids (such as emulsions, oil-water emulsions, water), gases, and other liquids with certain pressure and temperature in the hydraulic systems of various industrial sectors. Note: Our steel wire braided hoses are designed and manufactured according to GB\/T3683-2011 standard, and can also be manufactured according to ISO\/DIS1436-1985, DIN20022, and SAE100RIAT and SAE100R2AT standards. This standard is not suitable for castor oil-based and grease-based liquids.<\/p>\n<h2>III. Working Temperature:<\/h2>\n<p>Oils: -40\u2103 to +100\u2103; Air: -30\u2103 to +50\u2103; Water emulsions: below +80\u2103. For temperatures exceeding these ranges, please use a dedicated <a href=\"https:\/\/fluidhoses.com\/pl\/product-category\/high-temperature-hose\/\"><strong>W\u0105\u017c wysokotemperaturowy<\/strong><\/a>.<\/p>\n<h2>IV. Product Features:<\/h2>\n<p>1. The hose is made of a special synthetic rubber compound, possessing excellent oil resistance, heat resistance, and aging resistance.<\/p>\n<p>2. The hose has high pressure resistance and excellent pulse performance.<\/p>\n<p>3. The hose body is tightly bonded, flexible in use, and has minimal deformation under pressure.<\/p>\n<p>4. The hose has excellent bending resistance and fatigue resistance.<\/p>\n<p>5. The standard length of steel wire spiral hydraulic hose is 20 meters, but we can also produce lengths of tens or even hundreds of meters, as well as custom lengths of various sizes.<\/p>","protected":false},"excerpt":{"rendered":"<p>Product Specifications \u3000Customizable Scope of application \u3000Mining, hydraulic supports, construction machinery, hydraulic systems, oil pipelines Length dimension \u3000Customizable Working Pressure \u30000-100mpa I. Product Structure: The steel wire braided hose consists of an inner layer of liquid-resistant synthetic rubber, a middle layer, one, two, or three layers of steel wire braided reinforcement, and an outer layer [&hellip;]<\/p>\n","protected":false},"featured_media":8196,"template":"","meta":{"site-sidebar-layout":"default","site-content-layout":"","ast-site-content-layout":"default","site-content-style":"default","site-sidebar-style":"default","ast-global-header-display":"","ast-banner-title-visibility":"","ast-main-header-display":"","ast-hfb-above-header-display":"","ast-hfb-below-header-display":"","ast-hfb-mobile-header-display":"","site-post-title":"","ast-breadcrumbs-content":"","ast-featured-img":"","footer-sml-layout":"","ast-disable-related-posts":"","theme-transparent-header-meta":"default","adv-header-id-meta":"","stick-header-meta":"","header-above-stick-meta":"","header-main-stick-meta":"","header-below-stick-meta":"","astra-migrate-meta-layouts":"set","ast-page-background-enabled":"default","ast-page-background-meta":{"desktop":{"background-color":"","background-image":"","background-repeat":"repeat","background-position":"center center","background-size":"auto","background-attachment":"scroll","background-type":"","background-media":"","overlay-type":"","overlay-color":"","overlay-opacity":"","overlay-gradient":""},"tablet":{"background-color":"","background-image":"","background-repeat":"repeat","background-position":"center center","background-size":"auto","background-attachment":"scroll","background-type":"","background-media":"","overlay-type":"","overlay-color":"","overlay-opacity":"","overlay-gradient":""},"mobile":{"background-color":"","background-image":"","background-repeat":"repeat","background-position":"center center","background-size":"auto","background-attachment":"scroll","background-type":"","background-media":"","overlay-type":"","overlay-color":"","overlay-opacity":"","overlay-gradient":""}},"ast-content-background-meta":{"desktop":{"background-color":"var(--ast-global-color-5)","background-image":"","background-repeat":"repeat","background-position":"center center","background-size":"auto","background-attachment":"scroll","background-type":"","background-media":"","overlay-type":"","overlay-color":"","overlay-opacity":"","overlay-gradient":""},"tablet":{"background-color":"var(--ast-global-color-5)","background-image":"","background-repeat":"repeat","background-position":"center center","background-size":"auto","background-attachment":"scroll","background-type":"","background-media":"","overlay-type":"","overlay-color":"","overlay-opacity":"","overlay-gradient":""},"mobile":{"background-color":"var(--ast-global-color-5)","background-image":"","background-repeat":"repeat","background-position":"center center","background-size":"auto","background-attachment":"scroll","background-type":"","background-media":"","overlay-type":"","overlay-color":"","overlay-opacity":"","overlay-gradient":""}}},"product_brand":[],"product_cat":[103,104],"product_tag":[],"class_list":{"0":"post-8195","1":"product","2":"type-product","3":"status-publish","4":"has-post-thumbnail","6":"product_cat-high-pressure-hose","7":"product_cat-steel-wire-braided-hose","8":"desktop-align-left","9":"tablet-align-left","10":"mobile-align-left","12":"first","13":"instock","14":"shipping-taxable","15":"product-type-simple"},"yoast_head":"<!-- This site is optimized with the Yoast SEO plugin v27.4 - https:\/\/yoast.com\/product\/yoast-seo-wordpress\/ -->\n<title>High Pressure Wire Braided hydraulic hose - Tom Rubber Hose<\/title>\n<meta name=\"description\" content=\"Optimize your machinery with the durable Wire Braided Hose, designed for various applications in mining and construction. Customize yours today!\" \/>\n<meta name=\"robots\" content=\"noindex, follow, max-snippet:-1, max-image-preview:large, max-video-preview:-1\" \/>\n<meta property=\"og:locale\" content=\"pl_PL\" \/>\n<meta property=\"og:type\" content=\"article\" \/>\n<meta property=\"og:title\" content=\"High Pressure Wire Braided hydraulic hose - Tom Rubber Hose\" \/>\n<meta property=\"og:description\" content=\"Optimize your machinery with the durable Wire Braided Hose, designed for various applications in mining and construction. Customize yours today!\" \/>\n<meta property=\"og:url\" content=\"https:\/\/fluidhoses.com\/pl\/product\/high-pressure-wire-braided-hose\/\" \/>\n<meta property=\"og:site_name\" content=\"Tom Rubber Hose\" \/>\n<meta property=\"article:modified_time\" content=\"2026-04-15T03:44:48+00:00\" \/>\n<meta property=\"og:image\" content=\"https:\/\/fluidhoses.com\/wp-content\/uploads\/2026\/04\/2021122916350849391.webp\" \/>\n\t<meta property=\"og:image:width\" content=\"400\" \/>\n\t<meta property=\"og:image:height\" content=\"267\" \/>\n\t<meta property=\"og:image:type\" content=\"image\/webp\" \/>\n<meta name=\"twitter:card\" content=\"summary_large_image\" \/>\n<meta name=\"twitter:label1\" content=\"Szacowany czas czytania\" \/>\n\t<meta name=\"twitter:data1\" content=\"2 minuty\" \/>\n<script type=\"application\/ld+json\" class=\"yoast-schema-graph\">{\"@context\":\"https:\\\/\\\/schema.org\",\"@graph\":[{\"@type\":[\"WebPage\",\"ItemPage\"],\"@id\":\"https:\\\/\\\/fluidhoses.com\\\/product\\\/high-pressure-wire-braided-hose\\\/\",\"url\":\"https:\\\/\\\/fluidhoses.com\\\/product\\\/high-pressure-wire-braided-hose\\\/\",\"name\":\"High Pressure Wire Braided hydraulic hose - Tom Rubber Hose\",\"isPartOf\":{\"@id\":\"https:\\\/\\\/fluidhoses.com\\\/#website\"},\"primaryImageOfPage\":{\"@id\":\"https:\\\/\\\/fluidhoses.com\\\/product\\\/high-pressure-wire-braided-hose\\\/#primaryimage\"},\"image\":{\"@id\":\"https:\\\/\\\/fluidhoses.com\\\/product\\\/high-pressure-wire-braided-hose\\\/#primaryimage\"},\"thumbnailUrl\":\"https:\\\/\\\/fluidhoses.com\\\/wp-content\\\/uploads\\\/2026\\\/04\\\/2021122916350849391.webp\",\"datePublished\":\"2026-04-14T05:39:50+00:00\",\"dateModified\":\"2026-04-15T03:44:48+00:00\",\"description\":\"Optimize your machinery with the durable Wire Braided Hose, designed for various applications in mining and construction. Customize yours today!\",\"breadcrumb\":{\"@id\":\"https:\\\/\\\/fluidhoses.com\\\/product\\\/high-pressure-wire-braided-hose\\\/#breadcrumb\"},\"inLanguage\":\"pl-PL\",\"potentialAction\":[{\"@type\":\"ReadAction\",\"target\":[\"https:\\\/\\\/fluidhoses.com\\\/product\\\/high-pressure-wire-braided-hose\\\/\"]}]},{\"@type\":\"ImageObject\",\"inLanguage\":\"pl-PL\",\"@id\":\"https:\\\/\\\/fluidhoses.com\\\/product\\\/high-pressure-wire-braided-hose\\\/#primaryimage\",\"url\":\"https:\\\/\\\/fluidhoses.com\\\/wp-content\\\/uploads\\\/2026\\\/04\\\/2021122916350849391.webp\",\"contentUrl\":\"https:\\\/\\\/fluidhoses.com\\\/wp-content\\\/uploads\\\/2026\\\/04\\\/2021122916350849391.webp\",\"width\":400,\"height\":267,\"caption\":\"High Pressure Wire Braided Hose\"},{\"@type\":\"BreadcrumbList\",\"@id\":\"https:\\\/\\\/fluidhoses.com\\\/product\\\/high-pressure-wire-braided-hose\\\/#breadcrumb\",\"itemListElement\":[{\"@type\":\"ListItem\",\"position\":1,\"name\":\"\u9996\u9875\",\"item\":\"https:\\\/\\\/fluidhoses.com\\\/\"},{\"@type\":\"ListItem\",\"position\":2,\"name\":\"Products\",\"item\":\"https:\\\/\\\/fluidhoses.com\\\/products\\\/\"},{\"@type\":\"ListItem\",\"position\":3,\"name\":\"High Pressure Wire Braided hydraulic hose\"}]},{\"@type\":\"WebSite\",\"@id\":\"https:\\\/\\\/fluidhoses.com\\\/#website\",\"url\":\"https:\\\/\\\/fluidhoses.com\\\/\",\"name\":\"Tom Rubber Hose\",\"description\":\"Supplier specializing in various industrial rubber hoses\",\"publisher\":{\"@id\":\"https:\\\/\\\/fluidhoses.com\\\/#organization\"},\"potentialAction\":[{\"@type\":\"SearchAction\",\"target\":{\"@type\":\"EntryPoint\",\"urlTemplate\":\"https:\\\/\\\/fluidhoses.com\\\/?s={search_term_string}\"},\"query-input\":{\"@type\":\"PropertyValueSpecification\",\"valueRequired\":true,\"valueName\":\"search_term_string\"}}],\"inLanguage\":\"pl-PL\"},{\"@type\":\"Organization\",\"@id\":\"https:\\\/\\\/fluidhoses.com\\\/#organization\",\"name\":\"Tom Rubber Hose\",\"url\":\"https:\\\/\\\/fluidhoses.com\\\/\",\"logo\":{\"@type\":\"ImageObject\",\"inLanguage\":\"pl-PL\",\"@id\":\"https:\\\/\\\/fluidhoses.com\\\/#\\\/schema\\\/logo\\\/image\\\/\",\"url\":\"https:\\\/\\\/fluidhoses.com\\\/wp-content\\\/uploads\\\/2026\\\/03\\\/logo.webp\",\"contentUrl\":\"https:\\\/\\\/fluidhoses.com\\\/wp-content\\\/uploads\\\/2026\\\/03\\\/logo.webp\",\"width\":2048,\"height\":559,\"caption\":\"Tom Rubber Hose\"},\"image\":{\"@id\":\"https:\\\/\\\/fluidhoses.com\\\/#\\\/schema\\\/logo\\\/image\\\/\"}}]}<\/script>\n<!-- \/ Yoast SEO plugin. -->","yoast_head_json":{"title":"High Pressure Wire Braided hydraulic hose - Tom Rubber Hose","description":"Optimize your machinery with the durable Wire Braided Hose, designed for various applications in mining and construction. Customize yours today!","robots":{"index":"noindex","follow":"follow","max-snippet":"max-snippet:-1","max-image-preview":"max-image-preview:large","max-video-preview":"max-video-preview:-1"},"og_locale":"pl_PL","og_type":"article","og_title":"High Pressure Wire Braided hydraulic hose - Tom Rubber Hose","og_description":"Optimize your machinery with the durable Wire Braided Hose, designed for various applications in mining and construction. Customize yours today!","og_url":"https:\/\/fluidhoses.com\/pl\/product\/high-pressure-wire-braided-hose\/","og_site_name":"Tom Rubber Hose","article_modified_time":"2026-04-15T03:44:48+00:00","og_image":[{"width":400,"height":267,"url":"https:\/\/fluidhoses.com\/wp-content\/uploads\/2026\/04\/2021122916350849391.webp","type":"image\/webp"}],"twitter_card":"summary_large_image","twitter_misc":{"Szacowany czas czytania":"2 minuty"},"schema":{"@context":"https:\/\/schema.org","@graph":[{"@type":["WebPage","ItemPage"],"@id":"https:\/\/fluidhoses.com\/product\/high-pressure-wire-braided-hose\/","url":"https:\/\/fluidhoses.com\/product\/high-pressure-wire-braided-hose\/","name":"High Pressure Wire Braided hydraulic hose - Tom Rubber Hose","isPartOf":{"@id":"https:\/\/fluidhoses.com\/#website"},"primaryImageOfPage":{"@id":"https:\/\/fluidhoses.com\/product\/high-pressure-wire-braided-hose\/#primaryimage"},"image":{"@id":"https:\/\/fluidhoses.com\/product\/high-pressure-wire-braided-hose\/#primaryimage"},"thumbnailUrl":"https:\/\/fluidhoses.com\/wp-content\/uploads\/2026\/04\/2021122916350849391.webp","datePublished":"2026-04-14T05:39:50+00:00","dateModified":"2026-04-15T03:44:48+00:00","description":"Optimize your machinery with the durable Wire Braided Hose, designed for various applications in mining and construction. Customize yours today!","breadcrumb":{"@id":"https:\/\/fluidhoses.com\/product\/high-pressure-wire-braided-hose\/#breadcrumb"},"inLanguage":"pl-PL","potentialAction":[{"@type":"ReadAction","target":["https:\/\/fluidhoses.com\/product\/high-pressure-wire-braided-hose\/"]}]},{"@type":"ImageObject","inLanguage":"pl-PL","@id":"https:\/\/fluidhoses.com\/product\/high-pressure-wire-braided-hose\/#primaryimage","url":"https:\/\/fluidhoses.com\/wp-content\/uploads\/2026\/04\/2021122916350849391.webp","contentUrl":"https:\/\/fluidhoses.com\/wp-content\/uploads\/2026\/04\/2021122916350849391.webp","width":400,"height":267,"caption":"High Pressure Wire Braided Hose"},{"@type":"BreadcrumbList","@id":"https:\/\/fluidhoses.com\/product\/high-pressure-wire-braided-hose\/#breadcrumb","itemListElement":[{"@type":"ListItem","position":1,"name":"\u9996\u9875","item":"https:\/\/fluidhoses.com\/"},{"@type":"ListItem","position":2,"name":"Products","item":"https:\/\/fluidhoses.com\/products\/"},{"@type":"ListItem","position":3,"name":"High Pressure Wire Braided hydraulic hose"}]},{"@type":"WebSite","@id":"https:\/\/fluidhoses.com\/#website","url":"https:\/\/fluidhoses.com\/","name":"W\u0105\u017c gumowy Tom","description":"Dostawca specjalizuj\u0105cy si\u0119 w r\u00f3\u017cnych gumowych w\u0119\u017cach przemys\u0142owych","publisher":{"@id":"https:\/\/fluidhoses.com\/#organization"},"potentialAction":[{"@type":"SearchAction","target":{"@type":"EntryPoint","urlTemplate":"https:\/\/fluidhoses.com\/?s={search_term_string}"},"query-input":{"@type":"PropertyValueSpecification","valueRequired":true,"valueName":"search_term_string"}}],"inLanguage":"pl-PL"},{"@type":"Organization","@id":"https:\/\/fluidhoses.com\/#organization","name":"W\u0105\u017c gumowy Tom","url":"https:\/\/fluidhoses.com\/","logo":{"@type":"ImageObject","inLanguage":"pl-PL","@id":"https:\/\/fluidhoses.com\/#\/schema\/logo\/image\/","url":"https:\/\/fluidhoses.com\/wp-content\/uploads\/2026\/03\/logo.webp","contentUrl":"https:\/\/fluidhoses.com\/wp-content\/uploads\/2026\/03\/logo.webp","width":2048,"height":559,"caption":"Tom Rubber Hose"},"image":{"@id":"https:\/\/fluidhoses.com\/#\/schema\/logo\/image\/"}}]}},"_links":{"self":[{"href":"https:\/\/fluidhoses.com\/pl\/wp-json\/wp\/v2\/product\/8195","targetHints":{"allow":["GET"]}}],"collection":[{"href":"https:\/\/fluidhoses.com\/pl\/wp-json\/wp\/v2\/product"}],"about":[{"href":"https:\/\/fluidhoses.com\/pl\/wp-json\/wp\/v2\/types\/product"}],"version-history":[{"count":25,"href":"https:\/\/fluidhoses.com\/pl\/wp-json\/wp\/v2\/product\/8195\/revisions"}],"predecessor-version":[{"id":8240,"href":"https:\/\/fluidhoses.com\/pl\/wp-json\/wp\/v2\/product\/8195\/revisions\/8240"}],"wp:featuredmedia":[{"embeddable":true,"href":"https:\/\/fluidhoses.com\/pl\/wp-json\/wp\/v2\/media\/8196"}],"wp:attachment":[{"href":"https:\/\/fluidhoses.com\/pl\/wp-json\/wp\/v2\/media?parent=8195"}],"wp:term":[{"taxonomy":"product_brand","embeddable":true,"href":"https:\/\/fluidhoses.com\/pl\/wp-json\/wp\/v2\/product_brand?post=8195"},{"taxonomy":"product_cat","embeddable":true,"href":"https:\/\/fluidhoses.com\/pl\/wp-json\/wp\/v2\/product_cat?post=8195"},{"taxonomy":"product_tag","embeddable":true,"href":"https:\/\/fluidhoses.com\/pl\/wp-json\/wp\/v2\/product_tag?post=8195"}],"curies":[{"name":"wp","href":"https:\/\/api.w.org\/{rel}","templated":true}]}}