{"id":8219,"date":"2026-04-14T23:40:42","date_gmt":"2026-04-15T03:40:42","guid":{"rendered":"https:\/\/fluidhoses.com\/?post_type=product&#038;p=8219"},"modified":"2026-04-14T23:40:42","modified_gmt":"2026-04-15T03:40:42","slug":"steel-wire-spiral-hydraulic-hose","status":"publish","type":"product","link":"https:\/\/fluidhoses.com\/pl\/product\/steel-wire-spiral-hydraulic-hose\/","title":{"rendered":"Steel wire spiral hydraulic hose"},"content":{"rendered":"<table border=\"0\" width=\"730px\" cellspacing=\"1\" cellpadding=\"6\">\n<tbody>\n<tr>\n<td align=\"center\" bgcolor=\"#F5F7F9\" height=\"36\">Product Specifications<\/td>\n<td bgcolor=\"#F5F7F9\">\u3000Customizable<\/td>\n<\/tr>\n<tr>\n<td align=\"center\" bgcolor=\"#F5F7F9\" height=\"36\">Scope of application<\/td>\n<td bgcolor=\"#F5F7F9\">\u3000Mining, hydraulic supports, construction machinery, hydraulic systems, oil pipelines<\/td>\n<\/tr>\n<tr>\n<td align=\"center\" bgcolor=\"#F5F7F9\" height=\"36\">Length dimension<\/td>\n<td bgcolor=\"#F5F7F9\">\u3000Customizable<\/td>\n<\/tr>\n<tr>\n<td align=\"center\" bgcolor=\"#F5F7F9\" height=\"36\">Working Pressure<\/td>\n<td bgcolor=\"#F5F7F9\">\u30000-100mpa<\/td>\n<\/tr>\n<\/tbody>\n<\/table>\n<h2>I. Product Structure:<\/h2>\n<p>The steel wire spiral hose consists of a liquid-resistant inner synthetic rubber layer, a middle rubber layer, four layers of steel wire braided reinforcement, and a weather-resistant outer synthetic rubber layer.<\/p>\n<h2>II. Product Applications:<\/h2>\n<p>Steel wire reinforced hydraulic rubber hoses are mainly used in hydraulic supports for mines and oilfield extraction. They are suitable for conveying petroleum-based liquids (such as mineral oil, soluble oil, hydraulic oil, fuel oil, lubricating oil), water-based liquids (such as emulsions, oil-water emulsions, and water), gases, and other liquids with certain pressure and temperature in engineering construction, hoisting and transportation, metallurgical forging, mining equipment, ships, injection molding machinery, agricultural machinery, various machine tools, and mechanized and automated hydraulic systems in various industrial sectors.<\/p>\n<p>Note: Our steel wire braided hoses are designed and manufactured according to GB\/T3683-2011 standard, and can be manufactured according to ISO\/DIS1436-1985, DIN20022, and SAE100RIAT and SAE100R2AT standard hoses upon request. This standard is not suitable for castor oil-based and grease-based liquids.<\/p>\n<div class=\"elementor-element elementor-element-6aef29e elementor-widget elementor-widget-heading\" data-id=\"6aef29e\" data-element_type=\"widget\" data-e-type=\"widget\" data-widget_type=\"heading.default\">\n<div class=\"elementor-widget-container\">\n<h2 class=\"elementor-heading-title elementor-size-default\">III. Working Temperature:<\/h2>\n<\/div>\n<\/div>\n<div class=\"elementor-element elementor-element-398cf35 elementor-widget elementor-widget-text-editor\" data-id=\"398cf35\" data-element_type=\"widget\" data-e-type=\"widget\" data-widget_type=\"text-editor.default\">\n<div class=\"elementor-widget-container\">\n<p>Oils: -40\u2103 to +100\u2103; Air: -30\u2103 to +50\u2103; Water emulsions: below +80\u2103. For temperatures exceeding these ranges, please use a dedicated\u00a0<a href=\"https:\/\/fluidhoses.com\/pl\/product-category\/high-temperature-hose\/\"><strong>W\u0105\u017c wysokotemperaturowy<\/strong><\/a>.<\/p>\n<h2>IV. Product Features:<\/h2>\n<p>1. The hose is made of a special synthetic rubber compound, possessing excellent oil resistance, heat resistance, and aging resistance.<\/p>\n<p>2. The hose has high pressure resistance and superior pulse performance.<\/p>\n<p>3. The hose body is tightly bonded, flexible in use, and exhibits minimal deformation under pressure.<\/p>\n<p>4. The hose has excellent bending resistance and fatigue resistance.<\/p>\n<p>5. The standard length of steel wire spiral hydraulic hose is 20 meters, but we can also produce lengths of tens or even hundreds of meters, as well as custom lengths of various sizes.<\/p>\n<\/div>\n<\/div>","protected":false},"excerpt":{"rendered":"<p>Product Specifications \u3000Customizable Scope of application \u3000Mining, hydraulic supports, construction machinery, hydraulic systems, oil pipelines Length dimension \u3000Customizable Working Pressure \u30000-100mpa I. Product Structure: The steel wire spiral hose consists of a liquid-resistant inner synthetic rubber layer, a middle rubber layer, four layers of steel wire braided reinforcement, and a weather-resistant outer synthetic rubber layer. [&hellip;]<\/p>\n","protected":false},"featured_media":8221,"template":"","meta":{"site-sidebar-layout":"default","site-content-layout":"","ast-site-content-layout":"default","site-content-style":"default","site-sidebar-style":"default","ast-global-header-display":"","ast-banner-title-visibility":"","ast-main-header-display":"","ast-hfb-above-header-display":"","ast-hfb-below-header-display":"","ast-hfb-mobile-header-display":"","site-post-title":"","ast-breadcrumbs-content":"","ast-featured-img":"","footer-sml-layout":"","ast-disable-related-posts":"","theme-transparent-header-meta":"default","adv-header-id-meta":"","stick-header-meta":"","header-above-stick-meta":"","header-main-stick-meta":"","header-below-stick-meta":"","astra-migrate-meta-layouts":"set","ast-page-background-enabled":"default","ast-page-background-meta":{"desktop":{"background-color":"","background-image":"","background-repeat":"repeat","background-position":"center center","background-size":"auto","background-attachment":"scroll","background-type":"","background-media":"","overlay-type":"","overlay-color":"","overlay-opacity":"","overlay-gradient":""},"tablet":{"background-color":"","background-image":"","background-repeat":"repeat","background-position":"center center","background-size":"auto","background-attachment":"scroll","background-type":"","background-media":"","overlay-type":"","overlay-color":"","overlay-opacity":"","overlay-gradient":""},"mobile":{"background-color":"","background-image":"","background-repeat":"repeat","background-position":"center center","background-size":"auto","background-attachment":"scroll","background-type":"","background-media":"","overlay-type":"","overlay-color":"","overlay-opacity":"","overlay-gradient":""}},"ast-content-background-meta":{"desktop":{"background-color":"var(--ast-global-color-5)","background-image":"","background-repeat":"repeat","background-position":"center center","background-size":"auto","background-attachment":"scroll","background-type":"","background-media":"","overlay-type":"","overlay-color":"","overlay-opacity":"","overlay-gradient":""},"tablet":{"background-color":"var(--ast-global-color-5)","background-image":"","background-repeat":"repeat","background-position":"center center","background-size":"auto","background-attachment":"scroll","background-type":"","background-media":"","overlay-type":"","overlay-color":"","overlay-opacity":"","overlay-gradient":""},"mobile":{"background-color":"var(--ast-global-color-5)","background-image":"","background-repeat":"repeat","background-position":"center center","background-size":"auto","background-attachment":"scroll","background-type":"","background-media":"","overlay-type":"","overlay-color":"","overlay-opacity":"","overlay-gradient":""}}},"product_brand":[],"product_cat":[103,105],"product_tag":[],"class_list":{"0":"post-8219","1":"product","2":"type-product","3":"status-publish","4":"has-post-thumbnail","6":"product_cat-high-pressure-hose","7":"product_cat-steel-wire-spiral-hose","8":"desktop-align-left","9":"tablet-align-left","10":"mobile-align-left","12":"first","13":"instock","14":"shipping-taxable","15":"product-type-simple"},"yoast_head":"<!-- This site is optimized with the Yoast SEO plugin v27.4 - https:\/\/yoast.com\/product\/yoast-seo-wordpress\/ -->\n<title>Steel wire spiral hydraulic hose - Tom Rubber Hose<\/title>\n<meta name=\"description\" content=\"Ensure reliability and strength with our spiral hydraulic hose, tailored for construction and mining. Equip yourself with precision engineering today!\" \/>\n<meta name=\"robots\" content=\"noindex, follow, max-snippet:-1, max-image-preview:large, max-video-preview:-1\" \/>\n<meta property=\"og:locale\" content=\"pl_PL\" \/>\n<meta property=\"og:type\" content=\"article\" \/>\n<meta property=\"og:title\" content=\"Steel wire spiral hydraulic hose - Tom Rubber Hose\" \/>\n<meta property=\"og:description\" content=\"Ensure reliability and strength with our spiral hydraulic hose, tailored for construction and mining. Equip yourself with precision engineering today!\" \/>\n<meta property=\"og:url\" content=\"https:\/\/fluidhoses.com\/pl\/product\/steel-wire-spiral-hydraulic-hose\/\" \/>\n<meta property=\"og:site_name\" content=\"Tom Rubber Hose\" \/>\n<meta property=\"og:image\" content=\"https:\/\/fluidhoses.com\/wp-content\/uploads\/2026\/04\/2018030414481053010.webp\" \/>\n\t<meta property=\"og:image:width\" content=\"310\" \/>\n\t<meta property=\"og:image:height\" content=\"310\" \/>\n\t<meta property=\"og:image:type\" content=\"image\/webp\" \/>\n<meta name=\"twitter:card\" content=\"summary_large_image\" \/>\n<meta name=\"twitter:label1\" content=\"Szacowany czas czytania\" \/>\n\t<meta name=\"twitter:data1\" content=\"2 minuty\" \/>\n<script type=\"application\/ld+json\" class=\"yoast-schema-graph\">{\"@context\":\"https:\\\/\\\/schema.org\",\"@graph\":[{\"@type\":[\"WebPage\",\"ItemPage\"],\"@id\":\"https:\\\/\\\/fluidhoses.com\\\/product\\\/steel-wire-spiral-hydraulic-hose\\\/\",\"url\":\"https:\\\/\\\/fluidhoses.com\\\/product\\\/steel-wire-spiral-hydraulic-hose\\\/\",\"name\":\"Steel wire spiral hydraulic hose - Tom Rubber Hose\",\"isPartOf\":{\"@id\":\"https:\\\/\\\/fluidhoses.com\\\/#website\"},\"primaryImageOfPage\":{\"@id\":\"https:\\\/\\\/fluidhoses.com\\\/product\\\/steel-wire-spiral-hydraulic-hose\\\/#primaryimage\"},\"image\":{\"@id\":\"https:\\\/\\\/fluidhoses.com\\\/product\\\/steel-wire-spiral-hydraulic-hose\\\/#primaryimage\"},\"thumbnailUrl\":\"https:\\\/\\\/fluidhoses.com\\\/wp-content\\\/uploads\\\/2026\\\/04\\\/2018030414481053010.webp\",\"datePublished\":\"2026-04-15T03:40:42+00:00\",\"description\":\"Ensure reliability and strength with our spiral hydraulic hose, tailored for construction and mining. Equip yourself with precision engineering today!\",\"breadcrumb\":{\"@id\":\"https:\\\/\\\/fluidhoses.com\\\/product\\\/steel-wire-spiral-hydraulic-hose\\\/#breadcrumb\"},\"inLanguage\":\"pl-PL\",\"potentialAction\":[{\"@type\":\"ReadAction\",\"target\":[\"https:\\\/\\\/fluidhoses.com\\\/product\\\/steel-wire-spiral-hydraulic-hose\\\/\"]}]},{\"@type\":\"ImageObject\",\"inLanguage\":\"pl-PL\",\"@id\":\"https:\\\/\\\/fluidhoses.com\\\/product\\\/steel-wire-spiral-hydraulic-hose\\\/#primaryimage\",\"url\":\"https:\\\/\\\/fluidhoses.com\\\/wp-content\\\/uploads\\\/2026\\\/04\\\/2018030414481053010.webp\",\"contentUrl\":\"https:\\\/\\\/fluidhoses.com\\\/wp-content\\\/uploads\\\/2026\\\/04\\\/2018030414481053010.webp\",\"width\":310,\"height\":310,\"caption\":\"Steel wire spiral hose\"},{\"@type\":\"BreadcrumbList\",\"@id\":\"https:\\\/\\\/fluidhoses.com\\\/product\\\/steel-wire-spiral-hydraulic-hose\\\/#breadcrumb\",\"itemListElement\":[{\"@type\":\"ListItem\",\"position\":1,\"name\":\"\u9996\u9875\",\"item\":\"https:\\\/\\\/fluidhoses.com\\\/\"},{\"@type\":\"ListItem\",\"position\":2,\"name\":\"Products\",\"item\":\"https:\\\/\\\/fluidhoses.com\\\/products\\\/\"},{\"@type\":\"ListItem\",\"position\":3,\"name\":\"Steel wire spiral hydraulic hose\"}]},{\"@type\":\"WebSite\",\"@id\":\"https:\\\/\\\/fluidhoses.com\\\/#website\",\"url\":\"https:\\\/\\\/fluidhoses.com\\\/\",\"name\":\"Tom Rubber Hose\",\"description\":\"Supplier specializing in various industrial rubber hoses\",\"publisher\":{\"@id\":\"https:\\\/\\\/fluidhoses.com\\\/#organization\"},\"potentialAction\":[{\"@type\":\"SearchAction\",\"target\":{\"@type\":\"EntryPoint\",\"urlTemplate\":\"https:\\\/\\\/fluidhoses.com\\\/?s={search_term_string}\"},\"query-input\":{\"@type\":\"PropertyValueSpecification\",\"valueRequired\":true,\"valueName\":\"search_term_string\"}}],\"inLanguage\":\"pl-PL\"},{\"@type\":\"Organization\",\"@id\":\"https:\\\/\\\/fluidhoses.com\\\/#organization\",\"name\":\"Tom Rubber Hose\",\"url\":\"https:\\\/\\\/fluidhoses.com\\\/\",\"logo\":{\"@type\":\"ImageObject\",\"inLanguage\":\"pl-PL\",\"@id\":\"https:\\\/\\\/fluidhoses.com\\\/#\\\/schema\\\/logo\\\/image\\\/\",\"url\":\"https:\\\/\\\/fluidhoses.com\\\/wp-content\\\/uploads\\\/2026\\\/03\\\/logo.webp\",\"contentUrl\":\"https:\\\/\\\/fluidhoses.com\\\/wp-content\\\/uploads\\\/2026\\\/03\\\/logo.webp\",\"width\":2048,\"height\":559,\"caption\":\"Tom Rubber Hose\"},\"image\":{\"@id\":\"https:\\\/\\\/fluidhoses.com\\\/#\\\/schema\\\/logo\\\/image\\\/\"}}]}<\/script>\n<!-- \/ Yoast SEO plugin. -->","yoast_head_json":{"title":"Steel wire spiral hydraulic hose - Tom Rubber Hose","description":"Ensure reliability and strength with our spiral hydraulic hose, tailored for construction and mining. Equip yourself with precision engineering today!","robots":{"index":"noindex","follow":"follow","max-snippet":"max-snippet:-1","max-image-preview":"max-image-preview:large","max-video-preview":"max-video-preview:-1"},"og_locale":"pl_PL","og_type":"article","og_title":"Steel wire spiral hydraulic hose - Tom Rubber Hose","og_description":"Ensure reliability and strength with our spiral hydraulic hose, tailored for construction and mining. Equip yourself with precision engineering today!","og_url":"https:\/\/fluidhoses.com\/pl\/product\/steel-wire-spiral-hydraulic-hose\/","og_site_name":"Tom Rubber Hose","og_image":[{"width":310,"height":310,"url":"https:\/\/fluidhoses.com\/wp-content\/uploads\/2026\/04\/2018030414481053010.webp","type":"image\/webp"}],"twitter_card":"summary_large_image","twitter_misc":{"Szacowany czas czytania":"2 minuty"},"schema":{"@context":"https:\/\/schema.org","@graph":[{"@type":["WebPage","ItemPage"],"@id":"https:\/\/fluidhoses.com\/product\/steel-wire-spiral-hydraulic-hose\/","url":"https:\/\/fluidhoses.com\/product\/steel-wire-spiral-hydraulic-hose\/","name":"Steel wire spiral hydraulic hose - Tom Rubber Hose","isPartOf":{"@id":"https:\/\/fluidhoses.com\/#website"},"primaryImageOfPage":{"@id":"https:\/\/fluidhoses.com\/product\/steel-wire-spiral-hydraulic-hose\/#primaryimage"},"image":{"@id":"https:\/\/fluidhoses.com\/product\/steel-wire-spiral-hydraulic-hose\/#primaryimage"},"thumbnailUrl":"https:\/\/fluidhoses.com\/wp-content\/uploads\/2026\/04\/2018030414481053010.webp","datePublished":"2026-04-15T03:40:42+00:00","description":"Ensure reliability and strength with our spiral hydraulic hose, tailored for construction and mining. Equip yourself with precision engineering today!","breadcrumb":{"@id":"https:\/\/fluidhoses.com\/product\/steel-wire-spiral-hydraulic-hose\/#breadcrumb"},"inLanguage":"pl-PL","potentialAction":[{"@type":"ReadAction","target":["https:\/\/fluidhoses.com\/product\/steel-wire-spiral-hydraulic-hose\/"]}]},{"@type":"ImageObject","inLanguage":"pl-PL","@id":"https:\/\/fluidhoses.com\/product\/steel-wire-spiral-hydraulic-hose\/#primaryimage","url":"https:\/\/fluidhoses.com\/wp-content\/uploads\/2026\/04\/2018030414481053010.webp","contentUrl":"https:\/\/fluidhoses.com\/wp-content\/uploads\/2026\/04\/2018030414481053010.webp","width":310,"height":310,"caption":"Steel wire spiral hose"},{"@type":"BreadcrumbList","@id":"https:\/\/fluidhoses.com\/product\/steel-wire-spiral-hydraulic-hose\/#breadcrumb","itemListElement":[{"@type":"ListItem","position":1,"name":"\u9996\u9875","item":"https:\/\/fluidhoses.com\/"},{"@type":"ListItem","position":2,"name":"Products","item":"https:\/\/fluidhoses.com\/products\/"},{"@type":"ListItem","position":3,"name":"Steel wire spiral hydraulic hose"}]},{"@type":"WebSite","@id":"https:\/\/fluidhoses.com\/#website","url":"https:\/\/fluidhoses.com\/","name":"W\u0105\u017c gumowy Tom","description":"Dostawca specjalizuj\u0105cy si\u0119 w r\u00f3\u017cnych gumowych w\u0119\u017cach przemys\u0142owych","publisher":{"@id":"https:\/\/fluidhoses.com\/#organization"},"potentialAction":[{"@type":"SearchAction","target":{"@type":"EntryPoint","urlTemplate":"https:\/\/fluidhoses.com\/?s={search_term_string}"},"query-input":{"@type":"PropertyValueSpecification","valueRequired":true,"valueName":"search_term_string"}}],"inLanguage":"pl-PL"},{"@type":"Organization","@id":"https:\/\/fluidhoses.com\/#organization","name":"W\u0105\u017c gumowy Tom","url":"https:\/\/fluidhoses.com\/","logo":{"@type":"ImageObject","inLanguage":"pl-PL","@id":"https:\/\/fluidhoses.com\/#\/schema\/logo\/image\/","url":"https:\/\/fluidhoses.com\/wp-content\/uploads\/2026\/03\/logo.webp","contentUrl":"https:\/\/fluidhoses.com\/wp-content\/uploads\/2026\/03\/logo.webp","width":2048,"height":559,"caption":"Tom Rubber Hose"},"image":{"@id":"https:\/\/fluidhoses.com\/#\/schema\/logo\/image\/"}}]}},"_links":{"self":[{"href":"https:\/\/fluidhoses.com\/pl\/wp-json\/wp\/v2\/product\/8219","targetHints":{"allow":["GET"]}}],"collection":[{"href":"https:\/\/fluidhoses.com\/pl\/wp-json\/wp\/v2\/product"}],"about":[{"href":"https:\/\/fluidhoses.com\/pl\/wp-json\/wp\/v2\/types\/product"}],"version-history":[{"count":1,"href":"https:\/\/fluidhoses.com\/pl\/wp-json\/wp\/v2\/product\/8219\/revisions"}],"predecessor-version":[{"id":8236,"href":"https:\/\/fluidhoses.com\/pl\/wp-json\/wp\/v2\/product\/8219\/revisions\/8236"}],"wp:featuredmedia":[{"embeddable":true,"href":"https:\/\/fluidhoses.com\/pl\/wp-json\/wp\/v2\/media\/8221"}],"wp:attachment":[{"href":"https:\/\/fluidhoses.com\/pl\/wp-json\/wp\/v2\/media?parent=8219"}],"wp:term":[{"taxonomy":"product_brand","embeddable":true,"href":"https:\/\/fluidhoses.com\/pl\/wp-json\/wp\/v2\/product_brand?post=8219"},{"taxonomy":"product_cat","embeddable":true,"href":"https:\/\/fluidhoses.com\/pl\/wp-json\/wp\/v2\/product_cat?post=8219"},{"taxonomy":"product_tag","embeddable":true,"href":"https:\/\/fluidhoses.com\/pl\/wp-json\/wp\/v2\/product_tag?post=8219"}],"curies":[{"name":"wp","href":"https:\/\/api.w.org\/{rel}","templated":true}]}}